{"id":16,"date":"2016-12-14T18:51:04","date_gmt":"2016-12-14T17:51:04","guid":{"rendered":"http:\/\/schreinerei-birkenfeld.de\/wordpress\/?page_id=16"},"modified":"2022-10-04T21:14:40","modified_gmt":"2022-10-04T19:14:40","slug":"startseite","status":"publish","type":"page","link":"http:\/\/schreinerei-birkenfeld.de\/wordpress\/","title":{"rendered":"Schreinerei Birkenfeld"},"content":{"rendered":"<p>Willkommen bei der <strong>Schreinerei Birkenfeld<\/strong>!<\/p>\n<p>Sch\u00f6n dass Sie vorbeikommen.<\/p>\n<p>Gerne k\u00f6nnen Sie uns kontaktieren.<br \/>\nAm liebsten \u00fcber unsere<\/p>\n<p><strong>Telefonnummern:<br \/>\n<\/strong><strong>02771 \/ 7141<br \/>\n0177 \/ 6 33 33 51<\/strong><\/p>\n<p>oder aber schreiben Sie eine Email an<br \/>\n<strong>info@schreinerei-birkenfeld.de<\/strong><\/p>\n","protected":false},"excerpt":{"rendered":"<p>Willkommen bei der Schreinerei Birkenfeld! Sch\u00f6n dass Sie vorbeikommen. Gerne k\u00f6nnen Sie uns kontaktieren. Am liebsten \u00fcber unsere Telefonnummern: 02771 \/ 7141 0177 \/ 6 33 33 51 oder aber schreiben Sie eine Email an info@schreinerei-birkenfeld.de<\/p>\n","protected":false},"author":1,"featured_media":0,"parent":0,"menu_order":0,"comment_status":"closed","ping_status":"closed","template":"","meta":{"footnotes":""},"class_list":["post-16","page","type-page","status-publish","hentry"],"_links":{"self":[{"href":"http:\/\/schreinerei-birkenfeld.de\/wordpress\/wp-json\/wp\/v2\/pages\/16","targetHints":{"allow":["GET"]}}],"collection":[{"href":"http:\/\/schreinerei-birkenfeld.de\/wordpress\/wp-json\/wp\/v2\/pages"}],"about":[{"href":"http:\/\/schreinerei-birkenfeld.de\/wordpress\/wp-json\/wp\/v2\/types\/page"}],"author":[{"embeddable":true,"href":"http:\/\/schreinerei-birkenfeld.de\/wordpress\/wp-json\/wp\/v2\/users\/1"}],"replies":[{"embeddable":true,"href":"http:\/\/schreinerei-birkenfeld.de\/wordpress\/wp-json\/wp\/v2\/comments?post=16"}],"version-history":[{"count":13,"href":"http:\/\/schreinerei-birkenfeld.de\/wordpress\/wp-json\/wp\/v2\/pages\/16\/revisions"}],"predecessor-version":[{"id":224,"href":"http:\/\/schreinerei-birkenfeld.de\/wordpress\/wp-json\/wp\/v2\/pages\/16\/revisions\/224"}],"wp:attachment":[{"href":"http:\/\/schreinerei-birkenfeld.de\/wordpress\/wp-json\/wp\/v2\/media?parent=16"}],"curies":[{"name":"wp","href":"https:\/\/api.w.org\/{rel}","templated":true}]}}